{"id":151,"date":"2020-01-25T13:31:44","date_gmt":"2020-01-25T13:31:44","guid":{"rendered":"http:\/\/localhost\/wordpresstandusz2020\/?page_id=151"},"modified":"2020-01-28T20:05:34","modified_gmt":"2020-01-28T20:05:34","slug":"kapcsolat","status":"publish","type":"page","link":"http:\/\/tandusz.hu\/?page_id=151","title":{"rendered":"Kapcsolat"},"content":{"rendered":"\n<p>TANDUSZ Szolg\u00e1ltat\u00f3 Kft.<br>Kovalik Andrea, \u00dcgyvezet\u0151<br> \u2706  +36-70-504-8418<br>   tandusz@tandusz.hu<br>Megb\u00edz\u00e1sokat Budapest \u00e9s Pest megye ter\u00fclet\u00e9n v\u00e1llalunk. <\/p>\n","protected":false},"excerpt":{"rendered":"<p>TANDUSZ Szolg\u00e1ltat\u00f3 Kft.Kovalik Andrea, \u00dcgyvezet\u0151 \u2706 +36-70-504-8418 tandusz@tandusz.huMegb\u00edz\u00e1sokat Budapest \u00e9s Pest megye ter\u00fclet\u00e9n v\u00e1llalunk.<\/p>\n","protected":false},"author":1,"featured_media":0,"parent":0,"menu_order":0,"comment_status":"closed","ping_status":"closed","template":"","meta":{"footnotes":""},"class_list":["post-151","page","type-page","status-publish","hentry"],"_links":{"self":[{"href":"http:\/\/tandusz.hu\/index.php?rest_route=\/wp\/v2\/pages\/151"}],"collection":[{"href":"http:\/\/tandusz.hu\/index.php?rest_route=\/wp\/v2\/pages"}],"about":[{"href":"http:\/\/tandusz.hu\/index.php?rest_route=\/wp\/v2\/types\/page"}],"author":[{"embeddable":true,"href":"http:\/\/tandusz.hu\/index.php?rest_route=\/wp\/v2\/users\/1"}],"replies":[{"embeddable":true,"href":"http:\/\/tandusz.hu\/index.php?rest_route=%2Fwp%2Fv2%2Fcomments&post=151"}],"version-history":[{"count":2,"href":"http:\/\/tandusz.hu\/index.php?rest_route=\/wp\/v2\/pages\/151\/revisions"}],"predecessor-version":[{"id":160,"href":"http:\/\/tandusz.hu\/index.php?rest_route=\/wp\/v2\/pages\/151\/revisions\/160"}],"wp:attachment":[{"href":"http:\/\/tandusz.hu\/index.php?rest_route=%2Fwp%2Fv2%2Fmedia&parent=151"}],"curies":[{"name":"wp","href":"https:\/\/api.w.org\/{rel}","templated":true}]}}