{"id":174,"date":"2020-01-28T20:41:30","date_gmt":"2020-01-28T20:41:30","guid":{"rendered":"http:\/\/localhost\/wordpresstandusz2020\/?page_id=174"},"modified":"2020-01-28T20:41:30","modified_gmt":"2020-01-28T20:41:30","slug":"uzemek-gyarak-csarnokok-takaritasa","status":"publish","type":"page","link":"http:\/\/tandusz.hu\/?page_id=174","title":{"rendered":"\u00dczemek, gy\u00e1rak, csarnokok takar\u00edt\u00e1sa"},"content":{"rendered":"\n<p> Ahogy mi emberek mind m\u00e1sok vagyunk, \u00fagy minden ipari telephely, m\u0171hely, csarnok, gy\u00e1rt\u00f3sor takar\u00edt\u00e1sa is m\u00e1s \u00e9s m\u00e1s kih\u00edv\u00e1sokat \u00e1ll\u00edt el\u00e9nk. Sz\u00e9lesk\u00f6r\u0171 referenci\u00e1nknak k\u00f6sz\u00f6nhet\u0151en b\u00e1tran \u00e1ll\u00edthatjuk, hogy mi minden megold\u00e1sra felk\u00e9sz\u00fcltek vagyunk. Legyen sz\u00f3 old\u00f3szeres, vagy speci\u00e1lis ipari tiszt\u00edt\u00f3 berendez\u00e9sekr\u0151l, tisztaterekr\u0151l, mi minden esetben a legjobb min\u0151s\u00e9g\u0171 \u00e9s hat\u00f3anyag\u00fa k\u00f6rnyezetbar\u00e1t tiszt\u00edt\u00f3szerekkel \u00e1llunk az \u00d6n rendelkez\u00e9s\u00e9re. Els\u0151dleges c\u00e9lunk, hogy olyan k\u00f6rnyezetet teremts\u00fcnk, ahol koll\u00e9g\u00e1i j\u00f3l \u00e9rzik magukat \u00e9s eredm\u00e9nyesen tudnak dolgozni. <\/p>\n\n\n\n<figure class=\"wp-block-image size-large\"><img loading=\"lazy\" decoding=\"async\" width=\"1024\" height=\"536\" src=\"http:\/\/localhost\/wordpresstandusz2020\/wp-content\/uploads\/2020\/01\/industrial-1024x536.jpg\" alt=\"\" class=\"wp-image-175\" srcset=\"http:\/\/tandusz.hu\/wp-content\/uploads\/2020\/01\/industrial-1024x536.jpg 1024w, http:\/\/tandusz.hu\/wp-content\/uploads\/2020\/01\/industrial-300x157.jpg 300w, http:\/\/tandusz.hu\/wp-content\/uploads\/2020\/01\/industrial-768x402.jpg 768w, http:\/\/tandusz.hu\/wp-content\/uploads\/2020\/01\/industrial.jpg 1200w\" sizes=\"(max-width: 1024px) 100vw, 1024px\" \/><\/figure>\n\n\n\n<ul class=\"wp-block-list\"><li>g\u00e9pek, csarnokok k\u00fcls\u0151-, bels\u0151 falfel\u00fcteinek speci\u00e1lis tiszt\u00edt\u00e1sa<\/li><li>ipari padl\u00f3zat tiszt\u00edt\u00e1s, impregn\u00e1l\u00e1s<\/li><li>cs\u0151vezet\u00e9kek tiszt\u00edt\u00e1sa<\/li><li>l\u00e1bazat, t\u00e9rk\u0151, betonfel\u00fclet \u00e9s aszfalt tiszt\u00edt\u00e1s<\/li><li>\u00fcvegfalak, ablakok takar\u00edt\u00e1sa<\/li><li>napelem mos\u00e1s, tiszt\u00edt\u00e1s<\/li><li>tiszta terek speci\u00e1lis takar\u00edt\u00e1sa<\/li><\/ul>\n\n\n\n<figure class=\"wp-block-image size-large\"><img loading=\"lazy\" decoding=\"async\" width=\"863\" height=\"430\" src=\"http:\/\/localhost\/wordpresstandusz2020\/wp-content\/uploads\/2020\/01\/industrial-cleaning-equipment-1.jpg\" alt=\"\" class=\"wp-image-176\" srcset=\"http:\/\/tandusz.hu\/wp-content\/uploads\/2020\/01\/industrial-cleaning-equipment-1.jpg 863w, http:\/\/tandusz.hu\/wp-content\/uploads\/2020\/01\/industrial-cleaning-equipment-1-300x149.jpg 300w, http:\/\/tandusz.hu\/wp-content\/uploads\/2020\/01\/industrial-cleaning-equipment-1-768x383.jpg 768w\" sizes=\"(max-width: 863px) 100vw, 863px\" \/><\/figure>\n","protected":false},"excerpt":{"rendered":"<p>Ahogy mi emberek mind m\u00e1sok vagyunk, \u00fagy minden ipari telephely, m\u0171hely, csarnok, gy\u00e1rt\u00f3sor takar\u00edt\u00e1sa is m\u00e1s \u00e9s m\u00e1s kih\u00edv\u00e1sokat \u00e1ll\u00edt el\u00e9nk. Sz\u00e9lesk\u00f6r\u0171 referenci\u00e1nknak k\u00f6sz\u00f6nhet\u0151en b\u00e1tran \u00e1ll\u00edthatjuk, hogy mi minden megold\u00e1sra felk\u00e9sz\u00fcltek vagyunk. Legyen sz\u00f3 old\u00f3szeres, vagy speci\u00e1lis ipari tiszt\u00edt\u00f3 berendez\u00e9sekr\u0151l, tisztaterekr\u0151l, mi minden esetben a legjobb min\u0151s\u00e9g\u0171 \u00e9s hat\u00f3anyag\u00fa k\u00f6rnyezetbar\u00e1t tiszt\u00edt\u00f3szerekkel \u00e1llunk az \u00d6n rendelkez\u00e9s\u00e9re.&hellip; <br \/> <a class=\"read-more\" href=\"http:\/\/tandusz.hu\/?page_id=174\">Read more<\/a><\/p>\n","protected":false},"author":1,"featured_media":0,"parent":0,"menu_order":0,"comment_status":"closed","ping_status":"closed","template":"","meta":{"footnotes":""},"class_list":["post-174","page","type-page","status-publish","hentry"],"_links":{"self":[{"href":"http:\/\/tandusz.hu\/index.php?rest_route=\/wp\/v2\/pages\/174"}],"collection":[{"href":"http:\/\/tandusz.hu\/index.php?rest_route=\/wp\/v2\/pages"}],"about":[{"href":"http:\/\/tandusz.hu\/index.php?rest_route=\/wp\/v2\/types\/page"}],"author":[{"embeddable":true,"href":"http:\/\/tandusz.hu\/index.php?rest_route=\/wp\/v2\/users\/1"}],"replies":[{"embeddable":true,"href":"http:\/\/tandusz.hu\/index.php?rest_route=%2Fwp%2Fv2%2Fcomments&post=174"}],"version-history":[{"count":1,"href":"http:\/\/tandusz.hu\/index.php?rest_route=\/wp\/v2\/pages\/174\/revisions"}],"predecessor-version":[{"id":177,"href":"http:\/\/tandusz.hu\/index.php?rest_route=\/wp\/v2\/pages\/174\/revisions\/177"}],"wp:attachment":[{"href":"http:\/\/tandusz.hu\/index.php?rest_route=%2Fwp%2Fv2%2Fmedia&parent=174"}],"curies":[{"name":"wp","href":"https:\/\/api.w.org\/{rel}","templated":true}]}}