{"id":180,"date":"2020-01-28T20:51:54","date_gmt":"2020-01-28T20:51:54","guid":{"rendered":"http:\/\/localhost\/wordpresstandusz2020\/?page_id=180"},"modified":"2020-01-28T20:51:54","modified_gmt":"2020-01-28T20:51:54","slug":"allami-es-maganrendelok-egeszsegugyi-intezmenyek-takaritasa","status":"publish","type":"page","link":"http:\/\/tandusz.hu\/?page_id=180","title":{"rendered":"\u00c1llami-\u00e9s mag\u00e1nrendel\u0151k, eg\u00e9szs\u00e9g\u00fcgyi int\u00e9zm\u00e9nyek takar\u00edt\u00e1sa"},"content":{"rendered":"\n<p>T\u00e1rsas\u00e1gunk kiemelt figyelmet ford\u00edt rendel\u0151k, eg\u00e9szs\u00e9g\u00fcgyi szolg\u00e1ltat\u00e1st ny\u00fajt\u00f3 int\u00e9zm\u00e9nyek szakszer\u0171 takar\u00edt\u00e1s\u00e1ra. Az eg\u00e9szs\u00e9g\u00fcgyben mindenfajta takar\u00edt\u00e1s v\u00e9gz\u00e9se sor\u00e1n k\u00fcl\u00f6n\u00f6s hangs\u00falyt kell kapnia a fert\u0151tlen\u00edt\u00e9snek, a v\u00edrusok- \u00e9s bakt\u00e9riumok lehet\u0151 legteljesebb elpuszt\u00edt\u00e1s\u00e1nak. Szem el\u0151tt tartjuk, hogy az emberi eg\u00e9szs\u00e9g \u00fcgy\u00e9r\u0151l van sz\u00f3. A takar\u00edt\u00e1s sor\u00e1n hozz\u00e1\u00e9rt\u0151 profi szem\u00e9lyzettel, els\u0151sorban az eg\u00e9szs\u00e9g\u00fcgyben haszn\u00e1latos fert\u0151tlen\u00edt\u0151 vegyszerek alkalmaz\u00e1s\u00e1val sz\u00fcks\u00e9ges takar\u00edtani. Nem el\u00e9g l\u00e1that\u00f3 tisztas\u00e1got produk\u00e1lni, elv\u00e1r\u00e1s, hogy steril, egyben bakt\u00e9riumokt\u00f3l \u00e9s v\u00edrusokt\u00f3l mentes legyen.<br><\/p>\n\n\n\n<figure class=\"wp-block-image size-large\"><img loading=\"lazy\" decoding=\"async\" width=\"700\" height=\"405\" src=\"http:\/\/localhost\/wordpresstandusz2020\/wp-content\/uploads\/2020\/01\/hospital-cl_42007990-700w.jpeg\" alt=\"\" class=\"wp-image-181\" srcset=\"http:\/\/tandusz.hu\/wp-content\/uploads\/2020\/01\/hospital-cl_42007990-700w.jpeg 700w, http:\/\/tandusz.hu\/wp-content\/uploads\/2020\/01\/hospital-cl_42007990-700w-300x174.jpeg 300w\" sizes=\"(max-width: 700px) 100vw, 700px\" \/><figcaption>Blurred figures of people with medical uniforms in hospital corridor<\/figcaption><\/figure>\n\n\n\n<ul class=\"wp-block-list\"><li>patik\u00e1k, rendel\u0151k \u00e9s eg\u00e9szs\u00e9g\u00fcgyi int\u00e9zm\u00e9nyek napi- \u00e9s nagytakar\u00edt\u00e1sa<\/li><li>b\u00fatorok, berendez\u00e9si t\u00e1rgyak, vizsg\u00e1l\u00f3 asztalok tiszt\u00e1n tart\u00e1sa, port\u00f6rl\u00e9se<\/li><li>\u00fcvegfel\u00fcletek tiszt\u00edt\u00e1sa<\/li><li>red\u0151nytakar\u00edt\u00e1s<\/li><li>csemp\u00e9k \u00e9s j\u00e1r\u00f3fel\u00fcletek tiszt\u00edt\u00e1sa, fert\u0151tlen\u00edt\u00e9se<\/li><li>szemetesl\u00e1d\u00e1k \u00fcr\u00edt\u00e9se, fert\u0151tlen\u00edt\u00e9se<\/li><li>tiszt\u00e1lkod\u00e1si eszk\u00f6z\u00f6k felt\u00f6lt\u00e9se, k\u00e9zmos\u00f3- \u00e9s fert\u0151tlen\u00edt\u0151 folyad\u00e9kok ut\u00e1nt\u00f6lt\u00e9se<\/li><li>pihen\u0151 helys\u00e9g, \u00f6lt\u00f6z\u0151, f\u00fcrd\u0151szoba, konyha, v\u00e1r\u00f3terem takar\u00edt\u00e1sa<\/li><li>korl\u00e1tok, kilincsek \u00e1tt\u00f6rl\u00e9se, fert\u0151tlen\u00edt\u00e9se<\/li><\/ul>\n\n\n\n<figure class=\"wp-block-image size-large\"><img loading=\"lazy\" decoding=\"async\" width=\"1024\" height=\"640\" src=\"http:\/\/localhost\/wordpresstandusz2020\/wp-content\/uploads\/2020\/01\/healthcare-gb-04-hospital-cleaning-1024x640.jpg\" alt=\"\" class=\"wp-image-182\" srcset=\"http:\/\/tandusz.hu\/wp-content\/uploads\/2020\/01\/healthcare-gb-04-hospital-cleaning-1024x640.jpg 1024w, http:\/\/tandusz.hu\/wp-content\/uploads\/2020\/01\/healthcare-gb-04-hospital-cleaning-300x188.jpg 300w, http:\/\/tandusz.hu\/wp-content\/uploads\/2020\/01\/healthcare-gb-04-hospital-cleaning-768x480.jpg 768w, http:\/\/tandusz.hu\/wp-content\/uploads\/2020\/01\/healthcare-gb-04-hospital-cleaning.jpg 1280w\" sizes=\"(max-width: 1024px) 100vw, 1024px\" \/><\/figure>\n","protected":false},"excerpt":{"rendered":"<p>T\u00e1rsas\u00e1gunk kiemelt figyelmet ford\u00edt rendel\u0151k, eg\u00e9szs\u00e9g\u00fcgyi szolg\u00e1ltat\u00e1st ny\u00fajt\u00f3 int\u00e9zm\u00e9nyek szakszer\u0171 takar\u00edt\u00e1s\u00e1ra. Az eg\u00e9szs\u00e9g\u00fcgyben mindenfajta takar\u00edt\u00e1s v\u00e9gz\u00e9se sor\u00e1n k\u00fcl\u00f6n\u00f6s hangs\u00falyt kell kapnia a fert\u0151tlen\u00edt\u00e9snek, a v\u00edrusok- \u00e9s bakt\u00e9riumok lehet\u0151 legteljesebb elpuszt\u00edt\u00e1s\u00e1nak. Szem el\u0151tt tartjuk, hogy az emberi eg\u00e9szs\u00e9g \u00fcgy\u00e9r\u0151l van sz\u00f3. A takar\u00edt\u00e1s sor\u00e1n hozz\u00e1\u00e9rt\u0151 profi szem\u00e9lyzettel, els\u0151sorban az eg\u00e9szs\u00e9g\u00fcgyben haszn\u00e1latos fert\u0151tlen\u00edt\u0151 vegyszerek alkalmaz\u00e1s\u00e1val sz\u00fcks\u00e9ges takar\u00edtani.&hellip; <br \/> <a class=\"read-more\" href=\"http:\/\/tandusz.hu\/?page_id=180\">Read more<\/a><\/p>\n","protected":false},"author":1,"featured_media":0,"parent":0,"menu_order":0,"comment_status":"closed","ping_status":"closed","template":"","meta":{"footnotes":""},"class_list":["post-180","page","type-page","status-publish","hentry"],"_links":{"self":[{"href":"http:\/\/tandusz.hu\/index.php?rest_route=\/wp\/v2\/pages\/180"}],"collection":[{"href":"http:\/\/tandusz.hu\/index.php?rest_route=\/wp\/v2\/pages"}],"about":[{"href":"http:\/\/tandusz.hu\/index.php?rest_route=\/wp\/v2\/types\/page"}],"author":[{"embeddable":true,"href":"http:\/\/tandusz.hu\/index.php?rest_route=\/wp\/v2\/users\/1"}],"replies":[{"embeddable":true,"href":"http:\/\/tandusz.hu\/index.php?rest_route=%2Fwp%2Fv2%2Fcomments&post=180"}],"version-history":[{"count":1,"href":"http:\/\/tandusz.hu\/index.php?rest_route=\/wp\/v2\/pages\/180\/revisions"}],"predecessor-version":[{"id":183,"href":"http:\/\/tandusz.hu\/index.php?rest_route=\/wp\/v2\/pages\/180\/revisions\/183"}],"wp:attachment":[{"href":"http:\/\/tandusz.hu\/index.php?rest_route=%2Fwp%2Fv2%2Fmedia&parent=180"}],"curies":[{"name":"wp","href":"https:\/\/api.w.org\/{rel}","templated":true}]}}