{"id":3,"date":"2020-01-13T17:52:52","date_gmt":"2020-01-13T17:52:52","guid":{"rendered":"http:\/\/localhost\/wordpresstandusz2020\/?page_id=3"},"modified":"2020-03-26T20:14:35","modified_gmt":"2020-03-26T20:14:35","slug":"adatkezelesi-tajekoztato","status":"publish","type":"page","link":"http:\/\/tandusz.hu\/?page_id=3","title":{"rendered":"Adatv\u00e9delmi t\u00e1j\u00e9koztat\u00f3"},"content":{"rendered":"\n<p><strong>1.\u00c1ltal\u00e1nos\nrendelkez\u00e9sek \u00e9s el\u00e9rhet\u0151s\u00e9gek<\/strong><\/p>\n\n\n\n<p>A jelen t\u00e1j\u00e9koztat\u00f3 (\u201eT\u00e1j\u00e9koztat\u00f3\u201d) a <strong>Tandusz Szolg\u00e1ltat\u00f3 Kft<\/strong>. \u00e1ltal kezelt, azonos\u00edtott vagy azonos\u00edthat\u00f3 term\u00e9szetes szem\u00e9lyre (\u00e9rintett) vonatkoz\u00f3 b\u00e1rmely inform\u00e1ci\u00f3 (szem\u00e9lyes adat) kezel\u00e9s\u00e9re vonatkozik.<\/p>\n\n\n\n<p>A <strong>Tandusz Szolg\u00e1ltat\u00f3 Kft<\/strong>. adatai:<br>Sz\u00e9khely c\u00edme: 1165 Budapest, Veres P\u00e9ter \u00fat 105-107. I. em. 110. <\/p>\n\n\n\n<p> Ad\u00f3sz\u00e1m: <strong>23008030-2-42<\/strong><br> \u00c9rintett weboldal: <a href=\"http:\/\/www.misafetytech.hu\">http:\/\/www.tandusz.hu<\/a> <br> Telefonsz\u00e1ma:  +36-70-504-8418 <br> E-mail c\u00edme: <a href=\"mailto:info@misafetytech.hu\">tandusz@tandusz.hu<\/a><br> <br> <\/p>\n\n\n\n<p><strong>2. A T\u00e1j\u00e9koztat\u00f3\nfriss\u00edt\u00e9se \u00e9s el\u00e9rhet\u0151s\u00e9ge<\/strong><\/p>\n\n\n\n<p>A  Tandusz Szolg\u00e1ltat\u00f3 Kft.  fenntartja a jogot, hogy a jelen T\u00e1j\u00e9koztat\u00f3t egyoldal\u00faan, a m\u00f3dos\u00edt\u00e1st k\u00f6vet\u0151 hat\u00e1llyal m\u00f3dos\u00edtsa figyelemmel a vonatkoz\u00f3 jogszab\u00e1lyokban foglalt korl\u00e1toz\u00e1sokra, \u00e9s sz\u00fcks\u00e9g eset\u00e9n az \u00e9rintettek megfelel\u0151 id\u0151ben t\u00f6rt\u00e9n\u0151 el\u0151zetes t\u00e1j\u00e9koztat\u00e1s\u00e1val.<br> <br> <\/p>\n\n\n\n<p><strong>3. Egy\u00e9b adatv\u00e9delmi\nfelt\u00e9telek<\/strong><\/p>\n\n\n\n<p>Egyes k\u00fcl\u00f6n szolg\u00e1ltat\u00e1sok ig\u00e9nybev\u00e9tele sor\u00e1n specifikus adatv\u00e9delmi\nfelt\u00e9telek is<br>\nalkalmazand\u00f3k lehetnek, melyekr\u0151l \u00d6n az adott szolg\u00e1ltat\u00e1s ig\u00e9nybev\u00e9tele el\u0151tt\nkap t\u00e1j\u00e9koztat\u00e1st.<br>\n<br>\n<\/p>\n\n\n\n<p><strong>4. A kezelt adatok\nk\u00f6re \u00e9s adatkezel\u00e9si c\u00e9lok<\/strong><\/p>\n\n\n\n<p>A  Tandusz Szolg\u00e1ltat\u00f3 Kft. \u00e1ltal kezelt szem\u00e9lyes adatok k\u00f6re:<br> N\u00e9v<br> V\u00e1ros<br> Utca, hsz.<br> Ir\u00e1ny\u00edt\u00f3sz\u00e1m<br> E-mail<br> Telefonsz\u00e1m<br> <br> <\/p>\n\n\n\n<p>Az adatkezel\u00e9si c\u00e9lok: \u00e1raj\u00e1nlat \u00f6ssze\u00e1ll\u00edt\u00e1sa \u00e9s megk\u00fcld\u00e9se,\nkapcsolatfelv\u00e9tel.<br>\nAdatkezel\u00e9s id\u0151tartama: a vev\u0151 k\u00e9r\u00e9s\u00e9ig. Mivel jellemz\u0151en ut\u00e1nrendel\u00e9s t\u00f6rt\u00e9nik\nez\u00e9rt a vev\u0151k k\u00e9nyelme \u00e9rdek\u00e9ben meg\u0151rizz\u00fck adataikat, am\u00edg ezt nem k\u00e9rik.<\/p>\n\n\n\n<p><br> Az adatokhoz val\u00f3 hozz\u00e1f\u00e9r\u00e9sre jogosultak k\u00f6re: a  Tandusz Szolg\u00e1ltat\u00f3 Kft.  alkalmazottai.<br> <br> <\/p>\n\n\n\n<p><strong>5. A www.tandusz.hu weboldalon felhaszn\u00e1lt s\u00fctik<\/strong><\/p>\n\n\n\n<p>A weboldal bizonyos ter\u00fcletein haszn\u00e1lunk s\u00fctiket (cookiekat). A s\u00fctik olyan f\u00e1jlok, melyek inform\u00e1ci\u00f3t t\u00e1rolnak az \u00d6n webes keres\u0151j\u00e9n.<\/p>\n\n\n\n<p>A s\u00fctik p\u00e9ld\u00e1ul lehet\u0151v\u00e9 teszik a weboldal sz\u00e1m\u00e1ra, hogy felismerje, ha \u00d6n kor\u00e1bban azt m\u00e1r megl\u00e1togatta, vagy seg\u00edtenek nek\u00fcnk meg\u00e9rteni, hogy a weboldal melyik r\u00e9sze a legn\u00e9pszer\u0171bb, mert l\u00e1tni engedik, hogy l\u00e1togat\u00f3ink mely oldalakra l\u00e9pnek be \u00e9s mennyi id\u0151t t\u00f6ltenek ott. Ennek tanulm\u00e1nyoz\u00e1s\u00e1val a weboldalt jobban tudjuk igaz\u00edtani az \u00d6n ig\u00e9nyeihez, \u00e9s m\u00e9g v\u00e1ltozatosabb felhaszn\u00e1l\u00f3i \u00e9lm\u00e9nyt tudunk ny\u00fajtani \u00d6nnek. A s\u00fctik seg\u00edts\u00e9g\u00e9vel biztos\u00edtani tudjuk azt is, hogy az \u00d6n k\u00f6vetkez\u0151 l\u00e1togat\u00e1sa alkalm\u00e1val megjelen\u0151 inform\u00e1ci\u00f3k meg fognak felelni az \u00d6n felhaszn\u00e1l\u00f3i elv\u00e1r\u00e1sainak (an\u00e9lk\u00fcl, hogy \u00d6nt szem\u00e9lyesen azonos\u00edtan\u00e1).<br> Mikor \u00d6n felkeresi valamely weboldalunkat, sor ker\u00fclhet olyan technikai inform\u00e1ci\u00f3k<br> automatikus gy\u0171jt\u00e9s\u00e9re is, melyekb\u0151l az \u00d6n szem\u00e9lye nem azonos\u00edthat\u00f3. P\u00e9ld\u00e1ul egy olyan m\u00e1sik weboldal neve, mely \u00d6nt erre a weboldalra ir\u00e1ny\u00edtotta, a weboldalhoz val\u00f3 hozz\u00e1f\u00e9r\u00e9s helysz\u00edne, a weboldalon v\u00e9gzett keres\u00e9sek. Ezen inform\u00e1ci\u00f3k gy\u0171jt\u00e9se seg\u00edts\u00e9get ny\u00fajt sz\u00e1munkra a weboldalunk felhaszn\u00e1l\u00f3i \u00e1ltal prefer\u00e1lt keres\u00e9si szok\u00e1sok szem\u00e9lyes adatok felhaszn\u00e1l\u00e1sa n\u00e9lk\u00fcl t\u00f6rt\u00e9n\u0151 felismer\u00e9s\u00e9ben. Ezen inform\u00e1ci\u00f3k kiz\u00e1r\u00f3lag bels\u0151leg ker\u00fclnek felhaszn\u00e1l\u00e1sra. A n\u00e9vtelen vagy \u00e1ltal\u00e1nos jelleg\u0171 adatok, melyekb\u0151l az \u00d6n szem\u00e9lye nem azonos\u00edthat\u00f3, nem min\u0151s\u00fclnek szem\u00e9lyes adatnak, \u00edgy nem tartoznak ezen T\u00e1j\u00e9koztat\u00f3 hat\u00e1lya al\u00e1. \u00d6n be\u00e1ll\u00edthatja webes keres\u0151j\u00e9t, hogy elfogadjon minden s\u00fctit, elutas\u00edtsa mindet, vagy \u00e9rtes\u00edtse \u00d6nt, ha s\u00fcti \u00e9rkezik az \u00d6n g\u00e9p\u00e9re. Mindegyik webes keres\u0151 k\u00fcl\u00f6nb\u00f6z\u0151, \u00edgy k\u00e9rj\u00fck haszn\u00e1lja keres\u0151je \u201cSeg\u00edts\u00e9g\u201d men\u00fcj\u00e9t a s\u00fctik be\u00e1ll\u00edt\u00e1sainak m\u00f3dos\u00edt\u00e1s\u00e1hoz. A s\u00fctik term\u00e9szet\u00e9vel, valamint kikapcsol\u00e1sukkal kapcsolatos tov\u00e1bbi inform\u00e1ci\u00f3t a <a href=\"http:\/\/www.youronlinechoices.com\/hu\/\">http:\/\/www.youronlinechoices.com\/hu\/<\/a> oldalon tal\u00e1l.<\/p>\n\n\n\n<p><br> A www.tandusz.hu weboldal a s\u00fctik haszn\u00e1lat\u00e1val t\u00f6rt\u00e9n\u0151 m\u0171k\u00f6d\u00e9sre k\u00e9sz\u00fclt, \u00edgy azok kikapcsol\u00e1sa hat\u00e1ssal lehet a weboldal haszn\u00e1lhat\u00f3s\u00e1g\u00e1ra, \u00e9s megakad\u00e1lyozhatja, hogy \u00d6n annak minden el\u0151ny\u00e9t kihaszn\u00e1lja.<\/p>\n\n\n\n<p><br>\n<strong>6. Adatbiztons\u00e1gi int\u00e9zked\u00e9sek<\/strong><\/p>\n\n\n\n<p>A  Tandusz Szolg\u00e1ltat\u00f3 Kft. az \u00e1ltala kezelt szem\u00e9lyes adatokat az inform\u00e1ci\u00f3khoz val\u00f3 hozz\u00e1f\u00e9r\u00e9s korl\u00e1toz\u00e1s\u00e1val v\u00e9di. P\u00e9ld\u00e1ul csak azon szem\u00e9lyek f\u00e9rhetnek hozz\u00e1 az adatokhoz, akik sz\u00e1m\u00e1ra az a fent eml\u00edtett c\u00e9lok el\u00e9r\u00e9se \u00e9rdek\u00e9ben sz\u00fcks\u00e9ges.<\/p>\n\n\n\n<p><br>\n<strong>7. Adatv\u00e9delmi jogok \u00e9s jogorvoslatok<\/strong><\/p>\n\n\n\n<p>Az \u00d6n adatv\u00e9delmi jogait \u00e9s jogorvoslati lehet\u0151s\u00e9geit r\u00e9szletesen a GDPR\nvonatkoz\u00f3 rendelkez\u00e9sei (\u00edgy k\u00fcl\u00f6n\u00f6sen a GDPR 15., 16., 17., 18., 19., 20.,\n21., 22., 77., 78., 79., 80. \u00e9s 82. cikkei) tartalmazz\u00e1k.<\/p>\n\n\n\n<p><br>\n<strong>8. Az \u00d6n hozz\u00e1f\u00e9r\u00e9si joga<\/strong><\/p>\n\n\n\n<p>(1) \u00d6n jogosult arra,\nhogy visszajelz\u00e9st kapjon t\u0151l\u00fcnk arra vonatkoz\u00f3an, hogy szem\u00e9lyes adatainak\nkezel\u00e9se folyamatban van-e. Ha ilyen adatkezel\u00e9s folyamatban van, \u00d6n jogosult\narra, hogy a szem\u00e9lyes adatokhoz \u00e9s a k\u00f6vetkez\u0151 inform\u00e1ci\u00f3khoz hozz\u00e1f\u00e9r\u00e9st\nkapjon:<br>\na) az adatkezel\u00e9s c\u00e9ljai;<br>\nb) az \u00e9rintett szem\u00e9lyes adatok kateg\u00f3ri\u00e1i;<br>\nc) azon c\u00edmzettek vagy c\u00edmzettek kateg\u00f3ri\u00e1i, akikkel a szem\u00e9lyes adatokat\nk\u00f6z\u00f6lt\u00fck vagy k\u00f6z\u00f6lni fogjuk, ide\u00e9rtve k\u00fcl\u00f6n\u00f6sen a harmadik orsz\u00e1gbeli\nc\u00edmzetteket, illetve a nemzetk\u00f6zi szervezeteket;<br>\nd) adott esetben a szem\u00e9lyes adatok t\u00e1rol\u00e1s\u00e1nak tervezett id\u0151tartama, vagy ha\nez nem lehets\u00e9ges, ezen id\u0151tartam meghat\u00e1roz\u00e1s\u00e1nak szempontjai;<br>\ne) az \u00d6n joga joga, hogy k\u00e9relmezheti t\u0151l\u00fcnk az \u00d6nre vonatkoz\u00f3 szem\u00e9lyes adatok\nhelyesb\u00edt\u00e9s\u00e9t, t\u00f6rl\u00e9s\u00e9t vagy kezel\u00e9s\u00e9nek korl\u00e1toz\u00e1s\u00e1t, \u00e9s tiltakozhat az ilyen\nszem\u00e9lyes adatok kezel\u00e9se ellen;<br>\nf) valamely fel\u00fcgyeleti hat\u00f3s\u00e1ghoz c\u00edmzett panasz beny\u00fajt\u00e1s\u00e1nak joga; \u00e9s<br>\ng) ha az adatokat nem \u00d6nt\u0151l gy\u0171jt\u00f6tt\u00e9k, a forr\u00e1sukra vonatkoz\u00f3 minden el\u00e9rhet\u0151\ninform\u00e1ci\u00f3;<br>\n(2) Ha szem\u00e9lyes adatoknak harmadik orsz\u00e1gba t\u00f6rt\u00e9n\u0151 tov\u00e1bb\u00edt\u00e1s\u00e1ra ker\u00fcl sor,\n\u00d6n jogosult arra, hogy t\u00e1j\u00e9koztat\u00e1st kapjon a tov\u00e1bb\u00edt\u00e1sra vonatkoz\u00f3an a\nmegfelel\u0151 garanci\u00e1kr\u00f3l.<br>\n<br>\n<\/p>\n\n\n\n<p><strong>8.1. A helyesb\u00edt\u00e9shez\nval\u00f3 jog<\/strong><\/p>\n\n\n\n<p>\u00d6n jogosult arra, hogy k\u00e9r\u00e9s\u00e9re indokolatlan k\u00e9sedelem n\u00e9lk\u00fcl helyesb\u00edts\u00fck\naz \u00d6nre vonatkoz\u00f3 pontatlan szem\u00e9lyes adatokat. \u00d6n jogosult arra, hogy k\u00e9rje a\nhi\u00e1nyos szem\u00e9lyes adatok \u2013 egyebek mellett kieg\u00e9sz\u00edt\u0151 nyilatkozat \u00fatj\u00e1n t\u00f6rt\u00e9n\u0151\n\u2013 kieg\u00e9sz\u00edt\u00e9s\u00e9t.<\/p>\n\n\n\n<p><strong>8.2. A t\u00f6rl\u00e9shez val\u00f3\njog (\u201eaz elfeledtet\u00e9shez val\u00f3 jog\u201d)<\/strong><\/p>\n\n\n\n<p>(1) \u00d6n jogosult arra, hogy k\u00e9r\u00e9s\u00e9re indokolatlan k\u00e9sedelem n\u00e9lk\u00fcl t\u00f6r\u00f6lj\u00fck az \u00d6nre vonatkoz\u00f3 szem\u00e9lyes adatokat, ha az al\u00e1bbi indokok valamelyike fenn\u00e1ll:<br> a) a szem\u00e9lyes adatokra m\u00e1r nincs sz\u00fcks\u00e9g abb\u00f3l a c\u00e9lb\u00f3l, amelyb\u0151l azokat gy\u0171jt\u00f6tt\u00fck vagy m\u00e1s m\u00f3don kezelt\u00fck;<br> b) \u00d6n visszavonja az adatkezel\u00e9s alapj\u00e1t k\u00e9pez\u0151 hozz\u00e1j\u00e1rul\u00e1s\u00e1t, \u00e9s az adatkezel\u00e9snek nincs m\u00e1s jogalapja;<br> c) \u00d6n tiltakozik az adatkezel\u00e9se ellen, \u00e9s adott esetben nincs els\u0151bbs\u00e9get \u00e9lvez\u0151 jogszer\u0171 ok az adatkezel\u00e9sre;<br> d) a szem\u00e9lyes adatokat jogellenesen kezelt\u00fck;<br> e) a szem\u00e9lyes adatokat a r\u00e1nk alkalmazand\u00f3 uni\u00f3s vagy tag\u00e1llami jogban el\u0151\u00edrt jogi k\u00f6telezetts\u00e9g teljes\u00edt\u00e9s\u00e9hez t\u00f6r\u00f6lni kell; vagy<br> f) a szem\u00e9lyes adatok gy\u0171jt\u00e9s\u00e9re inform\u00e1ci\u00f3s t\u00e1rsadalommal \u00f6sszef\u00fcgg\u0151 szolg\u00e1ltat\u00e1sok<br> k\u00edn\u00e1l\u00e1s\u00e1val kapcsolatosan ker\u00fclt sor.<br> (2) Ha a  Tandusz Szolg\u00e1ltat\u00f3 Kft.  nyilv\u00e1noss\u00e1gra hozta a szem\u00e9lyes adatot, \u00e9s az (1) bekezd\u00e9s \u00e9rtelm\u00e9ben azt t\u00f6r\u00f6lni k\u00f6teles, az el\u00e9rhet\u0151 technol\u00f3gia \u00e9s a megval\u00f3s\u00edt\u00e1s k\u00f6lts\u00e9geinek figyelembev\u00e9tel\u00e9vel megteszi az \u00e9sszer\u0171en elv\u00e1rhat\u00f3 l\u00e9p\u00e9seket \u2013 ide\u00e9rtve technikai int\u00e9zked\u00e9seket \u2013 annak \u00e9rdek\u00e9ben, hogy t\u00e1j\u00e9koztassa az adatokat kezel\u0151 adatkezel\u0151ket, hogy az \u00e9rintett k\u00e9relmezte t\u0151l\u00fck a sz\u00f3ban forg\u00f3 szem\u00e9lyes adatokra mutat\u00f3 linkek vagy e szem\u00e9lyes adatok m\u00e1solat\u00e1nak, illetve m\u00e1sodp\u00e9ld\u00e1ny\u00e1nak t\u00f6rl\u00e9s\u00e9t.<br> (3) Az (1) \u00e9s (2) bekezd\u00e9s nem alkalmazand\u00f3, amennyiben az adatkezel\u00e9s sz\u00fcks\u00e9ges, t\u00f6bbek k\u00f6z\u00f6tt:<br> a) a v\u00e9lem\u00e9nynyilv\u00e1n\u00edt\u00e1s szabads\u00e1g\u00e1hoz \u00e9s a t\u00e1j\u00e9koz\u00f3d\u00e1shoz val\u00f3 jog gyakorl\u00e1sa c\u00e9lj\u00e1b\u00f3l;<br> b) a szem\u00e9lyes adatok kezel\u00e9s\u00e9t el\u0151\u00edr\u00f3, a r\u00e1nk alkalmazand\u00f3 uni\u00f3s vagy tag\u00e1llami jog szerinti k\u00f6telezetts\u00e9g teljes\u00edt\u00e9se c\u00e9lj\u00e1b\u00f3l;<br> c) a k\u00f6z\u00e9rdek\u0171 archiv\u00e1l\u00e1s c\u00e9lj\u00e1b\u00f3l, tudom\u00e1nyos \u00e9s t\u00f6rt\u00e9nelmi kutat\u00e1si c\u00e9lb\u00f3l vagy statisztikai c\u00e9lb\u00f3l, amennyiben az (1) bekezd\u00e9sben eml\u00edtett jog val\u00f3sz\u00edn\u0171s\u00edthet\u0151en lehetetlenn\u00e9 tenn\u00e9 vagy komolyan vesz\u00e9lyeztetn\u00e9 ezt az adatkezel\u00e9st; vagy<br> d) jogi ig\u00e9nyek el\u0151terjeszt\u00e9s\u00e9hez, \u00e9rv\u00e9nyes\u00edt\u00e9s\u00e9hez, illetve v\u00e9delm\u00e9hez.<\/p>\n\n\n\n<p><br>\n<strong>8.3. Az adatkezel\u00e9s korl\u00e1toz\u00e1s\u00e1hoz\nval\u00f3 jog<\/strong><\/p>\n\n\n\n<p>(1) \u00d6n jogosult arra, hogy k\u00e9r\u00e9s\u00e9re korl\u00e1tozzuk az adatkezel\u00e9st, ha az al\u00e1bbiak valamelyike teljes\u00fcl:<br> a) \u00d6n vitatja a szem\u00e9lyes adatok pontoss\u00e1g\u00e1t, ez esetben a korl\u00e1toz\u00e1s arra az id\u0151tartamra<br> vonatkozik, amely lehet\u0151v\u00e9 teszi, hogy ellen\u0151rizz\u00fck a szem\u00e9lyes adatok pontoss\u00e1g\u00e1t;<br> b) az adatkezel\u00e9s jogellenes, \u00e9s \u00d6n ellenzi az adatok t\u00f6rl\u00e9s\u00e9t, \u00e9s ehelyett k\u00e9ri azok<br> felhaszn\u00e1l\u00e1s\u00e1nak korl\u00e1toz\u00e1s\u00e1t;<\/p>\n\n\n\n<p><br> c) m\u00e1r nincs sz\u00fcks\u00e9g\u00fcnk a szem\u00e9lyes adatokra adatkezel\u00e9s c\u00e9lj\u00e1b\u00f3l, de \u00d6n ig\u00e9nyli azokat jogi ig\u00e9nyek el\u0151terjeszt\u00e9s\u00e9hez, \u00e9rv\u00e9nyes\u00edt\u00e9s\u00e9hez vagy v\u00e9delm\u00e9hez; vagy<br> d) \u00d6n tiltakozott az adatkezel\u00e9s ellen; ez esetben a korl\u00e1toz\u00e1s arra az id\u0151tartamra vonatkozik, am\u00edg meg\u00e1llap\u00edt\u00e1sra nem ker\u00fcl, hogy a  Tandusz Szolg\u00e1ltat\u00f3 Kft. jogos indokai els\u0151bbs\u00e9get \u00e9lveznek-e az \u00e9rintett jogos indokaival szemben.<br> (2) Ha az adatkezel\u00e9s az (1) bekezd\u00e9s alapj\u00e1n korl\u00e1toz\u00e1s al\u00e1 esik, az ilyen szem\u00e9lyes adatokat a t\u00e1rol\u00e1s kiv\u00e9tel\u00e9vel csak az \u00d6n hozz\u00e1j\u00e1rul\u00e1s\u00e1val, vagy jogi ig\u00e9nyek el\u0151terjeszt\u00e9s\u00e9hez, \u00e9rv\u00e9nyes\u00edt\u00e9s\u00e9hez vagy v\u00e9delm\u00e9hez, vagy m\u00e1s term\u00e9szetes vagy jogi szem\u00e9ly jogainak v\u00e9delme \u00e9rdek\u00e9ben, vagy az Uni\u00f3, illetve valamely tag\u00e1llam fontos k\u00f6z\u00e9rdek\u00e9b\u0151l lehet kezelni.<br> (3) Az adatkezel\u00e9s korl\u00e1toz\u00e1s\u00e1nak felold\u00e1s\u00e1r\u00f3l el\u0151zetesen t\u00e1j\u00e9koztatjuk \u00d6nt.<br> <br> <\/p>\n\n\n\n<p><strong>8.4. A szem\u00e9lyes\nadatok helyesb\u00edt\u00e9s\u00e9hez vagy t\u00f6rl\u00e9s\u00e9hez, illetve az adatkezel\u00e9s korl\u00e1toz\u00e1s\u00e1hoz\nkapcsol\u00f3d\u00f3 \u00e9rtes\u00edt\u00e9si k\u00f6telezetts\u00e9g<\/strong><\/p>\n\n\n\n<p>A Tandusz Szolg\u00e1ltat\u00f3 Kft. minden olyan c\u00edmzettet t\u00e1j\u00e9koztat valamennyi helyesb\u00edt\u00e9sr\u0151l, t\u00f6rl\u00e9sr\u0151l vagy adatkezel\u00e9s-korl\u00e1toz\u00e1sr\u00f3l, akivel, illetve amellyel a szem\u00e9lyes adatot k\u00f6z\u00f6lt\u00fck, kiv\u00e9ve, ha ez lehetetlennek bizonyul, vagy ar\u00e1nytalanul nagy er\u0151fesz\u00edt\u00e9st ig\u00e9nyel. Az \u00d6n k\u00e9r\u00e9s\u00e9re t\u00e1j\u00e9koztatjuk e c\u00edmzettekr\u0151l.<\/p>\n\n\n\n<p><br>\n<strong>8.5. Az adathordozhat\u00f3s\u00e1ghoz val\u00f3 jog<\/strong><\/p>\n\n\n\n<p>(1) \u00d6n jogosult arra, hogy az \u00d6nre vonatkoz\u00f3, \u00e1ltala a rendelkez\u00e9s\u00fcnkre bocs\u00e1tott szem\u00e9lyes adatokat tagolt, sz\u00e9les k\u00f6rben haszn\u00e1lt, g\u00e9ppel olvashat\u00f3 form\u00e1tumban megkapja, tov\u00e1bb\u00e1 jogosult arra, hogy ezeket az adatokat egy m\u00e1sik adatkezel\u0151nek tov\u00e1bb\u00edtsa an\u00e9lk\u00fcl, hogy ezt akad\u00e1lyozn\u00e1 a  Tandusz Szolg\u00e1ltat\u00f3 Kft. ha:<br> a) az adatkezel\u00e9s hozz\u00e1j\u00e1rul\u00e1son, vagy szerz\u0151d\u00e9sen alapul; \u00e9s<br> b) az adatkezel\u00e9s automatiz\u00e1lt m\u00f3don t\u00f6rt\u00e9nik.<br> (2) Az adatok hordozhat\u00f3s\u00e1g\u00e1hoz val\u00f3 jog (1) bekezd\u00e9s szerinti gyakorl\u00e1sa sor\u00e1n \u00d6n jogosult arra, hogy \u2013 ha ez technikailag megval\u00f3s\u00edthat\u00f3 \u2013 k\u00e9rje a szem\u00e9lyes adatok adatkezel\u0151k k\u00f6z\u00f6tti k\u00f6zvetlen tov\u00e1bb\u00edt\u00e1s\u00e1t.<\/p>\n\n\n\n<p><br>\n<strong>8.6. A tiltakoz\u00e1shoz val\u00f3 jog<\/strong><\/p>\n\n\n\n<p>(1) \u00d6n jogosult arra, hogy a saj\u00e1t helyzet\u00e9vel kapcsolatos okokb\u00f3l b\u00e1rmikor\ntiltakozzon szem\u00e9lyes adatainak jogos \u00e9rdeken alapul\u00f3 kezel\u00e9se ellen, ide\u00e9rtve\nprofilalkot\u00e1st is. Ebben az esetben a szem\u00e9lyes adatokat nem kezelj\u00fck tov\u00e1bb,\nkiv\u00e9ve, ha bizony\u00edtjuk, hogy az adatkezel\u00e9st olyan k\u00e9nyszer\u00edt\u0151 erej\u0171 jogos okok\nindokolj\u00e1k, amelyek els\u0151bbs\u00e9get \u00e9lveznek az \u00d6n \u00e9rdekeivel, jogaival \u00e9s\nszabads\u00e1gaival szemben, vagy amelyek jogi ig\u00e9nyek el\u0151terjeszt\u00e9s\u00e9hez,\n\u00e9rv\u00e9nyes\u00edt\u00e9s\u00e9hez vagy v\u00e9delm\u00e9hez kapcsol\u00f3dnak.<\/p>\n\n\n\n<p><br>\n(2) Ha a szem\u00e9lyes adatok kezel\u00e9se k\u00f6zvetlen \u00fczletszerz\u00e9s \u00e9rdek\u00e9ben t\u00f6rt\u00e9nik,\n\u00d6n jogosult arra, hogy b\u00e1rmikor tiltakozzon az \u00d6nre vonatkoz\u00f3 szem\u00e9lyes adatok\ne c\u00e9lb\u00f3l t\u00f6rt\u00e9n\u0151 kezel\u00e9se ellen, ide\u00e9rtve a profilalkot\u00e1st is, amennyiben az a\nk\u00f6zvetlen \u00fczletszerz\u00e9shez kapcsol\u00f3dik.<br>\n(3) Ha \u00d6n tiltakozik a szem\u00e9lyes adatok k\u00f6zvetlen \u00fczletszerz\u00e9s \u00e9rdek\u00e9ben\nt\u00f6rt\u00e9n\u0151 kezel\u00e9se ellen, akkor a szem\u00e9lyes adatok a tov\u00e1bbiakban e c\u00e9lb\u00f3l nem\nkezelhet\u0151k.<br>\n(4) Az inform\u00e1ci\u00f3s t\u00e1rsadalommal \u00f6sszef\u00fcgg\u0151 szolg\u00e1ltat\u00e1sok ig\u00e9nybev\u00e9tel\u00e9hez\nkapcsol\u00f3d\u00f3an \u00e9s a 2002\/58\/EK ir\u00e1nyelvt\u0151l elt\u00e9rve \u00d6n a tiltakoz\u00e1shoz val\u00f3 jogot\nm\u0171szaki el\u0151\u00edr\u00e1sokon alapul\u00f3 automatiz\u00e1lt eszk\u00f6z\u00f6kkel is gyakorolhatja.<\/p>\n\n\n\n<p>(5) Ha a szem\u00e9lyes adatok kezel\u00e9s\u00e9re tudom\u00e1nyos \u00e9s t\u00f6rt\u00e9nelmi kutat\u00e1si\nc\u00e9lb\u00f3l vagy statisztikai c\u00e9lb\u00f3l ker\u00fcl sor, \u00d6n jogosult arra, hogy a saj\u00e1t\nhelyzet\u00e9vel kapcsolatos okokb\u00f3l tiltakozhasson az \u00d6nre vonatkoz\u00f3 szem\u00e9lyes\nadatok kezel\u00e9se ellen, kiv\u00e9ve, ha az adatkezel\u00e9sre k\u00f6z\u00e9rdek\u0171 okb\u00f3l v\u00e9gzett\nfeladat v\u00e9grehajt\u00e1sa \u00e9rdek\u00e9ben van sz\u00fcks\u00e9g.<\/p>\n\n\n\n<p><br>\n<strong>8.7. A fel\u00fcgyeleti hat\u00f3s\u00e1gn\u00e1l t\u00f6rt\u00e9n\u0151\npanaszt\u00e9telhez val\u00f3 jog<\/strong><\/p>\n\n\n\n<p>\u00d6n jogosult arra, hogy panaszt tegyen egy fel\u00fcgyeleti hat\u00f3s\u00e1gn\u00e1l \u2013\nk\u00fcl\u00f6n\u00f6sen a szok\u00e1sos<br>\ntart\u00f3zkod\u00e1si helye, a munkahelye vagy a felt\u00e9telezett jogs\u00e9rt\u00e9s helye szerinti\ntag\u00e1llamban \u2013, ha az \u00d6n meg\u00edt\u00e9l\u00e9se szerint az \u00d6nre vonatkoz\u00f3 szem\u00e9lyes adatok\nkezel\u00e9se megs\u00e9rti a GDPR-t. Magyarorsz\u00e1gon az illet\u00e9kes fel\u00fcgyeleti hat\u00f3s\u00e1g:\nNemzeti Adatv\u00e9delmi \u00e9s Inform\u00e1ci\u00f3szabads\u00e1g Hat\u00f3s\u00e1g (http:\/\/naih.hu\/; 1530\nBudapest, Pf.: 5.; telefon: +36-1-391-1400; fax: +36-1-391-1410; e-mail: <a href=\"mailto:ugyfelszolgalat@naih.hu\">ugyfelszolgalat@naih.hu<\/a>).<\/p>\n\n\n\n<p><br>\n<strong>8.8. A fel\u00fcgyeleti hat\u00f3s\u00e1ggal\nszembeni hat\u00e9kony b\u00edr\u00f3s\u00e1gi jogorvoslathoz val\u00f3 jog<\/strong><br>\n(1) \u00d6n jogosult a hat\u00e9kony b\u00edr\u00f3s\u00e1gi jogorvoslatra a fel\u00fcgyeleti hat\u00f3s\u00e1g \u00d6nre\nvonatkoz\u00f3, jogilag k\u00f6telez\u0151 erej\u0171 d\u00f6nt\u00e9s\u00e9vel szemben.<br>\n(2) \u00d6n jogosult a hat\u00e9kony b\u00edr\u00f3s\u00e1gi jogorvoslatra, ha az illet\u00e9kes fel\u00fcgyeleti\nhat\u00f3s\u00e1g nem<br>\nfoglalkozik a panasszal, vagy h\u00e1rom h\u00f3napon bel\u00fcl nem t\u00e1j\u00e9koztatja \u00d6nt a\nbeny\u00fajtott panasszal kapcsolatos elj\u00e1r\u00e1si fejlem\u00e9nyekr\u0151l vagy annak\neredm\u00e9ny\u00e9r\u0151l.<br>\n(3) A fel\u00fcgyeleti hat\u00f3s\u00e1ggal szembeni elj\u00e1r\u00e1st a fel\u00fcgyeleti hat\u00f3s\u00e1g sz\u00e9khelye\nszerinti tag\u00e1llam b\u00edr\u00f3s\u00e1ga el\u0151tt kell megind\u00edtani.<br>\n<br>\n<\/p>\n\n\n\n<p><strong>8.9. Az adatkezel\u0151vel\nvagy az adatfeldolgoz\u00f3val szembeni hat\u00e9kony b\u00edr\u00f3s\u00e1gi jogorvoslathoz val\u00f3 jog<\/strong><\/p>\n\n\n\n<p>(1) \u00d6n hat\u00e9kony b\u00edr\u00f3s\u00e1gi jogorvoslatra jogosult, ha meg\u00edt\u00e9l\u00e9se szerint a szem\u00e9lyes adatainak a GDPR-nak nem megfelel\u0151 kezel\u00e9se k\u00f6vetkezt\u00e9ben megs\u00e9rtett\u00e9k a GDPR szerinti jogait.<br> (2) Az adatkezel\u0151vel vagy az adatfeldolgoz\u00f3val szembeni elj\u00e1r\u00e1st az adatkezel\u0151 vagy az<br> adatfeldolgoz\u00f3 tev\u00e9kenys\u00e9gi helye szerinti tag\u00e1llam b\u00edr\u00f3s\u00e1ga el\u0151tt kell megind\u00edtani. Az ilyen elj\u00e1r\u00e1s megind\u00edthat\u00f3 az \u00e9rintett szok\u00e1sos tart\u00f3zkod\u00e1si helye szerinti tag\u00e1llam b\u00edr\u00f3s\u00e1ga el\u0151tt is. A b\u00edr\u00f3s\u00e1g illet\u00e9kess\u00e9g\u00e9r\u0151l \u00e9s el\u00e9rhet\u0151s\u00e9geir\u0151l az al\u00e1bbi honlapon t\u00e1j\u00e9koz\u00f3dhat: www.birosag.hu.<\/p>\n","protected":false},"excerpt":{"rendered":"<p>1.\u00c1ltal\u00e1nos rendelkez\u00e9sek \u00e9s el\u00e9rhet\u0151s\u00e9gek A jelen t\u00e1j\u00e9koztat\u00f3 (\u201eT\u00e1j\u00e9koztat\u00f3\u201d) a Tandusz Szolg\u00e1ltat\u00f3 Kft. \u00e1ltal kezelt, azonos\u00edtott vagy azonos\u00edthat\u00f3 term\u00e9szetes szem\u00e9lyre (\u00e9rintett) vonatkoz\u00f3 b\u00e1rmely inform\u00e1ci\u00f3 (szem\u00e9lyes adat) kezel\u00e9s\u00e9re vonatkozik. A Tandusz Szolg\u00e1ltat\u00f3 Kft. adatai:Sz\u00e9khely c\u00edme: 1165 Budapest, Veres P\u00e9ter \u00fat 105-107. I. em. 110. Ad\u00f3sz\u00e1m: 23008030-2-42 \u00c9rintett weboldal: http:\/\/www.tandusz.hu Telefonsz\u00e1ma: +36-70-504-8418 E-mail c\u00edme: tandusz@tandusz.hu 2. A T\u00e1j\u00e9koztat\u00f3&hellip; <br \/> <a class=\"read-more\" href=\"http:\/\/tandusz.hu\/?page_id=3\">Read more<\/a><\/p>\n","protected":false},"author":1,"featured_media":0,"parent":0,"menu_order":0,"comment_status":"closed","ping_status":"open","template":"","meta":{"footnotes":""},"class_list":["post-3","page","type-page","status-publish","hentry"],"_links":{"self":[{"href":"http:\/\/tandusz.hu\/index.php?rest_route=\/wp\/v2\/pages\/3"}],"collection":[{"href":"http:\/\/tandusz.hu\/index.php?rest_route=\/wp\/v2\/pages"}],"about":[{"href":"http:\/\/tandusz.hu\/index.php?rest_route=\/wp\/v2\/types\/page"}],"author":[{"embeddable":true,"href":"http:\/\/tandusz.hu\/index.php?rest_route=\/wp\/v2\/users\/1"}],"replies":[{"embeddable":true,"href":"http:\/\/tandusz.hu\/index.php?rest_route=%2Fwp%2Fv2%2Fcomments&post=3"}],"version-history":[{"count":1,"href":"http:\/\/tandusz.hu\/index.php?rest_route=\/wp\/v2\/pages\/3\/revisions"}],"predecessor-version":[{"id":244,"href":"http:\/\/tandusz.hu\/index.php?rest_route=\/wp\/v2\/pages\/3\/revisions\/244"}],"wp:attachment":[{"href":"http:\/\/tandusz.hu\/index.php?rest_route=%2Fwp%2Fv2%2Fmedia&parent=3"}],"curies":[{"name":"wp","href":"https:\/\/api.w.org\/{rel}","templated":true}]}}