{"id":303,"date":"2020-07-07T17:41:07","date_gmt":"2020-07-07T17:41:07","guid":{"rendered":"http:\/\/tandusz.hu\/?page_id=303"},"modified":"2020-07-27T19:13:38","modified_gmt":"2020-07-27T19:13:38","slug":"epuletfertotlenites","status":"publish","type":"page","link":"http:\/\/tandusz.hu\/?page_id=303","title":{"rendered":"\u00c9P\u00dcLETFERT\u0150TLEN\u00cdT\u00c9S"},"content":{"rendered":"\n<p>Napjainkban m\u00e1r nem elegend\u0151 a napi vagy heti szint\u0171 nagytakar\u00edt\u00e1s. Erre nem csak j\u00e1rv\u00e1nyv\u00e9delmi okokb\u00f3l kell gondolnunk, hanem a napi takar\u00edt\u00e1si feladatok r\u00e9sz\u00e9t kell k\u00e9pezze a megfelel\u0151&nbsp;fert\u0151tlen\u00edt\u00e9s. C\u00e9g\u00fcnk a fert\u0151tlen\u00edt\u00e9si munk\u00e1kat magas szak\u00e9rtelemmel \u00e9s a legmagasabb min\u0151s\u00e9get k\u00e9pviselve v\u00e9gzi.<\/p>\n\n\n\n<div class=\"wp-block-group\"><div class=\"wp-block-group__inner-container is-layout-flow wp-block-group-is-layout-flow\">\n<div class=\"wp-block-group\"><div class=\"wp-block-group__inner-container is-layout-flow wp-block-group-is-layout-flow\">\n<figure class=\"wp-block-gallery columns-3 is-cropped wp-block-gallery-1 is-layout-flex wp-block-gallery-is-layout-flex\"><ul class=\"blocks-gallery-grid\"><li class=\"blocks-gallery-item\"><figure><img loading=\"lazy\" decoding=\"async\" width=\"768\" height=\"1024\" src=\"http:\/\/tandusz.hu\/wp-content\/uploads\/2020\/07\/IMG_20200525_192153-768x1024.jpg\" alt=\"\" data-id=\"306\" class=\"wp-image-306\" srcset=\"http:\/\/tandusz.hu\/wp-content\/uploads\/2020\/07\/IMG_20200525_192153-768x1024.jpg 768w, http:\/\/tandusz.hu\/wp-content\/uploads\/2020\/07\/IMG_20200525_192153-225x300.jpg 225w, http:\/\/tandusz.hu\/wp-content\/uploads\/2020\/07\/IMG_20200525_192153-1152x1536.jpg 1152w, http:\/\/tandusz.hu\/wp-content\/uploads\/2020\/07\/IMG_20200525_192153-1536x2048.jpg 1536w, http:\/\/tandusz.hu\/wp-content\/uploads\/2020\/07\/IMG_20200525_192153-1024x1365.jpg 1024w, http:\/\/tandusz.hu\/wp-content\/uploads\/2020\/07\/IMG_20200525_192153-810x1080.jpg 810w, http:\/\/tandusz.hu\/wp-content\/uploads\/2020\/07\/IMG_20200525_192153-scaled.jpg 1920w\" sizes=\"(max-width: 768px) 100vw, 768px\" \/><\/figure><\/li><li class=\"blocks-gallery-item\"><figure><img loading=\"lazy\" decoding=\"async\" width=\"768\" height=\"1024\" src=\"http:\/\/tandusz.hu\/wp-content\/uploads\/2020\/07\/IMG_20200525_191723-768x1024.jpg\" alt=\"\" data-id=\"307\" data-link=\"http:\/\/tandusz.hu\/?attachment_id=307\" class=\"wp-image-307\" srcset=\"http:\/\/tandusz.hu\/wp-content\/uploads\/2020\/07\/IMG_20200525_191723-768x1024.jpg 768w, http:\/\/tandusz.hu\/wp-content\/uploads\/2020\/07\/IMG_20200525_191723-225x300.jpg 225w, http:\/\/tandusz.hu\/wp-content\/uploads\/2020\/07\/IMG_20200525_191723-1152x1536.jpg 1152w, http:\/\/tandusz.hu\/wp-content\/uploads\/2020\/07\/IMG_20200525_191723-1536x2048.jpg 1536w, http:\/\/tandusz.hu\/wp-content\/uploads\/2020\/07\/IMG_20200525_191723-1024x1365.jpg 1024w, http:\/\/tandusz.hu\/wp-content\/uploads\/2020\/07\/IMG_20200525_191723-810x1080.jpg 810w, http:\/\/tandusz.hu\/wp-content\/uploads\/2020\/07\/IMG_20200525_191723-scaled.jpg 1920w\" sizes=\"(max-width: 768px) 100vw, 768px\" \/><\/figure><\/li><li class=\"blocks-gallery-item\"><figure><img loading=\"lazy\" decoding=\"async\" width=\"768\" height=\"1024\" src=\"http:\/\/tandusz.hu\/wp-content\/uploads\/2020\/07\/IMG_20200525_192719-768x1024.jpg\" alt=\"\" data-id=\"331\" data-full-url=\"http:\/\/tandusz.hu\/wp-content\/uploads\/2020\/07\/IMG_20200525_192719-scaled.jpg\" data-link=\"http:\/\/tandusz.hu\/?attachment_id=331\" class=\"wp-image-331\" srcset=\"http:\/\/tandusz.hu\/wp-content\/uploads\/2020\/07\/IMG_20200525_192719-768x1024.jpg 768w, http:\/\/tandusz.hu\/wp-content\/uploads\/2020\/07\/IMG_20200525_192719-225x300.jpg 225w, http:\/\/tandusz.hu\/wp-content\/uploads\/2020\/07\/IMG_20200525_192719-1152x1536.jpg 1152w, http:\/\/tandusz.hu\/wp-content\/uploads\/2020\/07\/IMG_20200525_192719-1536x2048.jpg 1536w, http:\/\/tandusz.hu\/wp-content\/uploads\/2020\/07\/IMG_20200525_192719-1024x1365.jpg 1024w, http:\/\/tandusz.hu\/wp-content\/uploads\/2020\/07\/IMG_20200525_192719-810x1080.jpg 810w, http:\/\/tandusz.hu\/wp-content\/uploads\/2020\/07\/IMG_20200525_192719-scaled.jpg 1920w\" sizes=\"(max-width: 768px) 100vw, 768px\" \/><\/figure><\/li><\/ul><\/figure>\n<\/div><\/div>\n<\/div><\/div>\n\n\n\n<p><strong>Szolg\u00e1ltat\u00e1saink:<\/strong><\/p>\n\n\n\n<p><strong><span class='maxbutton-1-container mb-container'><a class=\"maxbutton-1 maxbutton maxbutton-hidegkodkepzes\" href=\"http:\/\/tandusz.hu\/?page_id=317\"><span class='mb-text'>Hidegk\u00f6dk\u00e9pz\u00e9s<\/span><\/a><\/span><\/strong>&nbsp;&nbsp;&nbsp;&nbsp;&nbsp;&nbsp;&nbsp;&nbsp;&nbsp;&nbsp;&nbsp;&nbsp;&nbsp;&nbsp;&nbsp;&nbsp;&nbsp;&nbsp;&nbsp;&nbsp;&nbsp;&nbsp;&nbsp;&nbsp;&nbsp;&nbsp;&nbsp;&nbsp;&nbsp;&nbsp;&nbsp;&nbsp;&nbsp;&nbsp;&nbsp;&nbsp;&nbsp;&nbsp;&nbsp;&nbsp;&nbsp;&nbsp;&nbsp;&nbsp;&nbsp;&nbsp;&nbsp;&nbsp;&nbsp;&nbsp;&nbsp;&nbsp;&nbsp;&nbsp;&nbsp;&nbsp;&nbsp;&nbsp;&nbsp;&nbsp;&nbsp;&nbsp;&nbsp;&nbsp;&nbsp;&nbsp;&nbsp;&nbsp;&nbsp; <a class=\"maxbutton-2 maxbutton maxbutton-permetezes\" href=\"http:\/\/tandusz.hu\/?page_id=322\"><span class='mb-text'>Permetez\u00e9s<\/span><\/a><\/p>\n\n\n\n<p><strong>Alkalmazott fert\u0151tlen\u00edt\u0151szerek:<\/strong><\/p>\n\n\n\n<p>A fert\u0151tlen\u00edt\u00e9shez haszn\u00e1lt szerek kiv\u00e1laszt\u00e1s\u00e1n\u00e1l nagy figyelmet ford\u00edtunk arra, hogy olyan k\u00e9sz\u00edtm\u00e9nyekkel dolgozzunk, melyeknek boml\u00e1sterm\u00e9kei az emberi eg\u00e9szs\u00e9gre \u00e9s a k\u00f6rnyezetre nincsenek k\u00e1ros hat\u00e1ssal, de fert\u0151tlen\u00edt\u0151 hat\u00e1suk kiemelked\u0151 legyen.<br>Az alkalmazott technol\u00f3gi\u00e1val irod\u00e1k, rakt\u00e1rak, \u00fczemek, sportl\u00e9tes\u00edtm\u00e9nyek, iskol\u00e1k, \u00f3vod\u00e1k, b\u00f6lcs\u0151d\u00e9k, sz\u00e1llod\u00e1k, panzi\u00f3k, k\u00f6z\u00f6s haszn\u00e1latra szolg\u00e1l\u00f3 helyis\u00e9gek hat\u00e9kony fert\u0151tlen\u00edt\u00e9s\u00e9t lehet elv\u00e9gezni.<\/p>\n\n\n\n<p><strong>K\u00e9rjen aj\u00e1nlatot szolg\u00e1ltat\u00e1sunkra!<\/strong><\/p>\n\n\n\n<a class=\"maxbutton-3 maxbutton maxbutton-arajanlatkeres\" href=\"http:\/\/tandusz.hu\/?page_id=143\"><span class='mb-text'>\u00c1raj\u00e1nlatk\u00e9r\u00e9s<\/span><\/a>\n\n\n\n<p><\/p>\n","protected":false},"excerpt":{"rendered":"<p>Napjainkban m\u00e1r nem elegend\u0151 a napi vagy heti szint\u0171 nagytakar\u00edt\u00e1s. Erre nem csak j\u00e1rv\u00e1nyv\u00e9delmi okokb\u00f3l kell gondolnunk, hanem a napi takar\u00edt\u00e1si feladatok r\u00e9sz\u00e9t kell k\u00e9pezze a megfelel\u0151&nbsp;fert\u0151tlen\u00edt\u00e9s. C\u00e9g\u00fcnk a fert\u0151tlen\u00edt\u00e9si munk\u00e1kat magas szak\u00e9rtelemmel \u00e9s a legmagasabb min\u0151s\u00e9get k\u00e9pviselve v\u00e9gzi. Szolg\u00e1ltat\u00e1saink: &nbsp;&nbsp;&nbsp;&nbsp;&nbsp;&nbsp;&nbsp;&nbsp;&nbsp;&nbsp;&nbsp;&nbsp;&nbsp;&nbsp;&nbsp;&nbsp;&nbsp;&nbsp;&nbsp;&nbsp;&nbsp;&nbsp;&nbsp;&nbsp;&nbsp;&nbsp;&nbsp;&nbsp;&nbsp;&nbsp;&nbsp;&nbsp;&nbsp;&nbsp;&nbsp;&nbsp;&nbsp;&nbsp;&nbsp;&nbsp;&nbsp;&nbsp;&nbsp;&nbsp;&nbsp;&nbsp;&nbsp;&nbsp;&nbsp;&nbsp;&nbsp;&nbsp;&nbsp;&nbsp;&nbsp;&nbsp;&nbsp;&nbsp;&nbsp;&nbsp;&nbsp;&nbsp;&nbsp;&nbsp;&nbsp;&nbsp;&nbsp;&nbsp;&nbsp; Alkalmazott fert\u0151tlen\u00edt\u0151szerek: A fert\u0151tlen\u00edt\u00e9shez haszn\u00e1lt szerek kiv\u00e1laszt\u00e1s\u00e1n\u00e1l nagy figyelmet ford\u00edtunk arra, hogy olyan k\u00e9sz\u00edtm\u00e9nyekkel&hellip; <br \/> <a class=\"read-more\" href=\"http:\/\/tandusz.hu\/?page_id=303\">Read more<\/a><\/p>\n","protected":false},"author":2,"featured_media":0,"parent":0,"menu_order":0,"comment_status":"closed","ping_status":"closed","template":"","meta":{"footnotes":""},"class_list":["post-303","page","type-page","status-publish","hentry"],"_links":{"self":[{"href":"http:\/\/tandusz.hu\/index.php?rest_route=\/wp\/v2\/pages\/303"}],"collection":[{"href":"http:\/\/tandusz.hu\/index.php?rest_route=\/wp\/v2\/pages"}],"about":[{"href":"http:\/\/tandusz.hu\/index.php?rest_route=\/wp\/v2\/types\/page"}],"author":[{"embeddable":true,"href":"http:\/\/tandusz.hu\/index.php?rest_route=\/wp\/v2\/users\/2"}],"replies":[{"embeddable":true,"href":"http:\/\/tandusz.hu\/index.php?rest_route=%2Fwp%2Fv2%2Fcomments&post=303"}],"version-history":[{"count":9,"href":"http:\/\/tandusz.hu\/index.php?rest_route=\/wp\/v2\/pages\/303\/revisions"}],"predecessor-version":[{"id":335,"href":"http:\/\/tandusz.hu\/index.php?rest_route=\/wp\/v2\/pages\/303\/revisions\/335"}],"wp:attachment":[{"href":"http:\/\/tandusz.hu\/index.php?rest_route=%2Fwp%2Fv2%2Fmedia&parent=303"}],"curies":[{"name":"wp","href":"https:\/\/api.w.org\/{rel}","templated":true}]}}