{"id":317,"date":"2020-07-07T18:38:14","date_gmt":"2020-07-07T18:38:14","guid":{"rendered":"http:\/\/tandusz.hu\/?page_id=317"},"modified":"2020-07-27T19:14:17","modified_gmt":"2020-07-27T19:14:17","slug":"hidegkodkepzes","status":"publish","type":"page","link":"http:\/\/tandusz.hu\/?page_id=317","title":{"rendered":"Hidegk\u00f6dk\u00e9pz\u00e9s"},"content":{"rendered":"\n<p>Nagy hat\u00e9konys\u00e1g\u00fa \u00e9s egyben gyors fert\u0151tlen\u00edt\u0151 elj\u00e1r\u00e1s, mely elpuszt\u00edtja a k\u00f3rokoz\u00f3kat, de meg\u00f3vja  fel\u00fcletek, berendez\u00e9sek \u00e1llapot\u00e1t. A k\u00f6dk\u00e9pz\u00e9ses elj\u00e1r\u00e1s alkalmazhat\u00f3 z\u00e1rt, illetve ny\u00edlt ter\u00fcletek fert\u0151tlen\u00edt\u00e9s\u00e9re is.  Munkat\u00e1rsaink a feladatot elektromos hidegk\u00f6dk\u00e9pz\u0151vel v\u00e9gzik, megfelel\u0151 fert\u0151tlen\u00edt\u0151szer alkalmaz\u00e1sa mellett. Ezzel az elj\u00e1r\u00e1ssal minden fel\u00fclet k\u00f6nnyed\u00e9n fert\u0151tlen\u00edthet\u0151. A k\u00f6d\u00f6s\u00edt\u00e9s v\u00e9gezt\u00e9vel tov\u00e1bbi egy\u00e9b takar\u00edt\u00e1si munk\u00e1latokat nem kell v\u00e9gezni. A behat\u00e1si id\u0151 2-3 \u00f3ra, melynek letelt\u00e9vel a ter\u00fclet ism\u00e9t haszn\u00e1latba vehet\u0151.<\/p>\n\n\n\n<figure class=\"wp-block-image size-large is-resized\"><img loading=\"lazy\" decoding=\"async\" src=\"http:\/\/tandusz.hu\/wp-content\/uploads\/2020\/07\/IMG_20200525_191649-768x1024.jpg\" alt=\"\" class=\"wp-image-319\" width=\"295\" height=\"393\" srcset=\"http:\/\/tandusz.hu\/wp-content\/uploads\/2020\/07\/IMG_20200525_191649-768x1024.jpg 768w, http:\/\/tandusz.hu\/wp-content\/uploads\/2020\/07\/IMG_20200525_191649-225x300.jpg 225w, http:\/\/tandusz.hu\/wp-content\/uploads\/2020\/07\/IMG_20200525_191649-1152x1536.jpg 1152w, http:\/\/tandusz.hu\/wp-content\/uploads\/2020\/07\/IMG_20200525_191649-1536x2048.jpg 1536w, http:\/\/tandusz.hu\/wp-content\/uploads\/2020\/07\/IMG_20200525_191649-1024x1365.jpg 1024w, http:\/\/tandusz.hu\/wp-content\/uploads\/2020\/07\/IMG_20200525_191649-810x1080.jpg 810w, http:\/\/tandusz.hu\/wp-content\/uploads\/2020\/07\/IMG_20200525_191649-scaled.jpg 1920w\" sizes=\"(max-width: 295px) 100vw, 295px\" \/><\/figure>\n","protected":false},"excerpt":{"rendered":"<p>Nagy hat\u00e9konys\u00e1g\u00fa \u00e9s egyben gyors fert\u0151tlen\u00edt\u0151 elj\u00e1r\u00e1s, mely elpuszt\u00edtja a k\u00f3rokoz\u00f3kat, de meg\u00f3vja fel\u00fcletek, berendez\u00e9sek \u00e1llapot\u00e1t. A k\u00f6dk\u00e9pz\u00e9ses elj\u00e1r\u00e1s alkalmazhat\u00f3 z\u00e1rt, illetve ny\u00edlt ter\u00fcletek fert\u0151tlen\u00edt\u00e9s\u00e9re is. Munkat\u00e1rsaink a feladatot elektromos hidegk\u00f6dk\u00e9pz\u0151vel v\u00e9gzik, megfelel\u0151 fert\u0151tlen\u00edt\u0151szer alkalmaz\u00e1sa mellett. Ezzel az elj\u00e1r\u00e1ssal minden fel\u00fclet k\u00f6nnyed\u00e9n fert\u0151tlen\u00edthet\u0151. A k\u00f6d\u00f6s\u00edt\u00e9s v\u00e9gezt\u00e9vel tov\u00e1bbi egy\u00e9b takar\u00edt\u00e1si munk\u00e1latokat nem kell v\u00e9gezni. A behat\u00e1si&hellip; <br \/> <a class=\"read-more\" href=\"http:\/\/tandusz.hu\/?page_id=317\">Read more<\/a><\/p>\n","protected":false},"author":2,"featured_media":0,"parent":0,"menu_order":0,"comment_status":"closed","ping_status":"closed","template":"","meta":{"footnotes":""},"class_list":["post-317","page","type-page","status-publish","hentry"],"_links":{"self":[{"href":"http:\/\/tandusz.hu\/index.php?rest_route=\/wp\/v2\/pages\/317"}],"collection":[{"href":"http:\/\/tandusz.hu\/index.php?rest_route=\/wp\/v2\/pages"}],"about":[{"href":"http:\/\/tandusz.hu\/index.php?rest_route=\/wp\/v2\/types\/page"}],"author":[{"embeddable":true,"href":"http:\/\/tandusz.hu\/index.php?rest_route=\/wp\/v2\/users\/2"}],"replies":[{"embeddable":true,"href":"http:\/\/tandusz.hu\/index.php?rest_route=%2Fwp%2Fv2%2Fcomments&post=317"}],"version-history":[{"count":3,"href":"http:\/\/tandusz.hu\/index.php?rest_route=\/wp\/v2\/pages\/317\/revisions"}],"predecessor-version":[{"id":321,"href":"http:\/\/tandusz.hu\/index.php?rest_route=\/wp\/v2\/pages\/317\/revisions\/321"}],"wp:attachment":[{"href":"http:\/\/tandusz.hu\/index.php?rest_route=%2Fwp%2Fv2%2Fmedia&parent=317"}],"curies":[{"name":"wp","href":"https:\/\/api.w.org\/{rel}","templated":true}]}}